{"id":13505,"date":"2026-04-29T11:11:17","date_gmt":"2026-04-29T09:11:17","guid":{"rendered":"https:\/\/www.samses.ch\/?page_id=13505"},"modified":"2026-04-29T12:11:28","modified_gmt":"2026-04-29T10:11:28","slug":"pop-up-summer-restaurant","status":"publish","type":"page","link":"https:\/\/www.samses.ch\/en\/pop-up-sommer-restaurant\/","title":{"rendered":"Pop-up Sommer Restaurant"},"content":{"rendered":"<div data-elementor-type=\"wp-page\" data-elementor-id=\"13505\" class=\"elementor elementor-13505\" data-elementor-post-type=\"page\">\n\t\t\t\t<div class=\"elementor-element elementor-element-f870685 e-flex e-con-boxed e-con e-parent\" data-id=\"f870685\" data-element_type=\"container\" data-e-type=\"container\" data-settings=\"{&quot;background_background&quot;:&quot;classic&quot;}\">\n\t\t\t\t\t<div class=\"e-con-inner\">\n\t\t\t\t<div class=\"elementor-element elementor-element-4908cee elementor-widget elementor-widget-heading\" data-id=\"4908cee\" data-element_type=\"widget\" data-e-type=\"widget\" data-widget_type=\"heading.default\">\n\t\t\t\t<div class=\"elementor-widget-container\">\n\t\t\t\t\t<h1 class=\"elementor-heading-title elementor-size-default\">Pop-up summer restaurant<\/h1>\t\t\t\t<\/div>\n\t\t\t\t<\/div>\n\t\t\t\t\t<\/div>\n\t\t\t\t<\/div>\n\t\t<div class=\"elementor-element elementor-element-5f93ea8 e-flex e-con-boxed e-con e-parent\" data-id=\"5f93ea8\" data-element_type=\"container\" data-e-type=\"container\">\n\t\t\t\t\t<div class=\"e-con-inner\">\n\t\t\t\t<div class=\"elementor-element elementor-element-b7cafb5 elementor-widget elementor-widget-text-editor\" data-id=\"b7cafb5\" data-element_type=\"widget\" data-e-type=\"widget\" data-widget_type=\"text-editor.default\">\n\t\t\t\t<div class=\"elementor-widget-container\">\n\t\t\t\t\t\t\t\t\t<p>We are doing it again - <strong>a small Samses pop-up in June.<\/strong><br \/>You can expect a Samses menu with our classics - the way you know and love them, simply interpreted in a home-style and vegan way.<\/p><p>Come along, enjoy the summer with us and let us spoil you.<strong> We look forward to seeing you :o)<\/strong><\/p>\t\t\t\t\t\t\t\t<\/div>\n\t\t\t\t<\/div>\n\t\t\t\t\t<\/div>\n\t\t\t\t<\/div>\n\t\t<div class=\"elementor-element elementor-element-494bb4ce e-flex e-con-boxed e-con e-parent\" data-id=\"494bb4ce\" data-element_type=\"container\" data-e-type=\"container\" data-settings=\"{&quot;background_background&quot;:&quot;classic&quot;}\">\n\t\t\t\t\t<div class=\"e-con-inner\">\n\t\t<div class=\"elementor-element elementor-element-75d1dcf1 e-con-full e-flex e-con e-child\" data-id=\"75d1dcf1\" data-element_type=\"container\" data-e-type=\"container\">\n\t\t<div class=\"elementor-element elementor-element-14ce6728 e-con-full e-flex e-con e-child\" data-id=\"14ce6728\" data-element_type=\"container\" data-e-type=\"container\">\n\t\t<div class=\"elementor-element elementor-element-7032118a e-con-full e-flex e-con e-child\" data-id=\"7032118a\" data-element_type=\"container\" data-e-type=\"container\">\n\t\t\t\t<div class=\"elementor-element elementor-element-27a8fd40 elementor-widget elementor-widget-heading\" data-id=\"27a8fd40\" data-element_type=\"widget\" data-e-type=\"widget\" data-widget_type=\"heading.default\">\n\t\t\t\t<div class=\"elementor-widget-container\">\n\t\t\t\t\t<h3 class=\"elementor-heading-title elementor-size-default\">Pop-up<\/h3>\t\t\t\t<\/div>\n\t\t\t\t<\/div>\n\t\t\t\t<div class=\"elementor-element elementor-element-c2654ee elementor-icon-list--layout-traditional elementor-list-item-link-full_width elementor-widget elementor-widget-icon-list\" data-id=\"c2654ee\" data-element_type=\"widget\" data-e-type=\"widget\" data-widget_type=\"icon-list.default\">\n\t\t\t\t<div class=\"elementor-widget-container\">\n\t\t\t\t\t\t\t<ul class=\"elementor-icon-list-items\">\n\t\t\t\t\t\t\t<li class=\"elementor-icon-list-item\">\n\t\t\t\t\t\t\t\t\t\t\t<span class=\"elementor-icon-list-icon\">\n\t\t\t\t\t\t\t<i aria-hidden=\"true\" class=\"far fa-calendar-alt\"><\/i>\t\t\t\t\t\t<\/span>\n\t\t\t\t\t\t\t\t\t\t<span class=\"elementor-icon-list-text\"><strong>When?<\/strong> as of June 5, 2026<\/span>\n\t\t\t\t\t\t\t\t\t<\/li>\n\t\t\t\t\t\t\t\t<li class=\"elementor-icon-list-item\">\n\t\t\t\t\t\t\t\t\t\t\t<span class=\"elementor-icon-list-icon\">\n\t\t\t\t\t\t\t<i aria-hidden=\"true\" class=\"fas fa-map-marker-alt\"><\/i>\t\t\t\t\t\t<\/span>\n\t\t\t\t\t\t\t\t\t\t<span class=\"elementor-icon-list-text\"><strong>Where?<\/strong>  Seebacherstrasse 65 \/ Zurich at Restaurant B\u00fcrgli<\/span>\n\t\t\t\t\t\t\t\t\t<\/li>\n\t\t\t\t\t\t\t\t<li class=\"elementor-icon-list-item\">\n\t\t\t\t\t\t\t\t\t\t\t<span class=\"elementor-icon-list-icon\">\n\t\t\t\t\t\t\t<i aria-hidden=\"true\" class=\"fas fa-id-card\"><\/i>\t\t\t\t\t\t<\/span>\n\t\t\t\t\t\t\t\t\t\t<span class=\"elementor-icon-list-text\"><strong>Reservation<\/strong> Secure your table in good time<\/span>\n\t\t\t\t\t\t\t\t\t<\/li>\n\t\t\t\t\t\t\t\t<li class=\"elementor-icon-list-item\">\n\t\t\t\t\t\t\t\t\t\t\t<span class=\"elementor-icon-list-icon\">\n\t\t\t\t\t\t\t<i aria-hidden=\"true\" class=\"fas fa-id-card\"><\/i>\t\t\t\t\t\t<\/span>\n\t\t\t\t\t\t\t\t\t\t<span class=\"elementor-icon-list-text\"><span style=\"color: #555555\"><strong>Menu<\/strong> Menu as <b>PDF<\/b><\/span><\/span>\n\t\t\t\t\t\t\t\t\t<\/li>\n\t\t\t\t\t\t<\/ul>\n\t\t\t\t\t\t<\/div>\n\t\t\t\t<\/div>\n\t\t\t\t<div class=\"elementor-element elementor-element-3e580223 elementor-align-left elementor-widget elementor-widget-button\" data-id=\"3e580223\" data-element_type=\"widget\" data-e-type=\"widget\" data-widget_type=\"button.default\">\n\t\t\t\t<div class=\"elementor-widget-container\">\n\t\t\t\t\t\t\t\t\t<div class=\"elementor-button-wrapper\">\n\t\t\t\t\t<a class=\"elementor-button elementor-button-link elementor-size-sm elementor-animation-float\" href=\"https:\/\/reserve.foratable.com\/?restaurantHash=87f8b160f391e5ba5d13520a935b17a2#!\/table\" target=\"_blank\">\n\t\t\t\t\t\t<span class=\"elementor-button-content-wrapper\">\n\t\t\t\t\t\t\t\t\t<span class=\"elementor-button-text\">Book now<\/span>\n\t\t\t\t\t<\/span>\n\t\t\t\t\t<\/a>\n\t\t\t\t<\/div>\n\t\t\t\t\t\t\t\t<\/div>\n\t\t\t\t<\/div>\n\t\t\t\t<\/div>\n\t\t<div class=\"elementor-element elementor-element-424be56 e-con-full e-flex e-con e-child\" data-id=\"424be56\" data-element_type=\"container\" data-e-type=\"container\">\n\t\t\t\t<div class=\"elementor-element elementor-element-77dc8520 elementor-widget elementor-widget-image\" data-id=\"77dc8520\" data-element_type=\"widget\" data-e-type=\"widget\" data-widget_type=\"image.default\">\n\t\t\t\t<div class=\"elementor-widget-container\">\n\t\t\t\t\t\t\t\t\t\t\t\t\t\t\t<img alt=\"\" fetchpriority=\"high\" decoding=\"async\" width=\"1000\" height=\"667\" src=\"https:\/\/www.samses.ch\/wp-content\/uploads\/2026\/04\/shutterstock_277589387-1.jpg\" class=\"attachment-full size-full wp-image-13531\" srcset=\"https:\/\/www.samses.ch\/wp-content\/uploads\/2026\/04\/shutterstock_277589387-1.jpg 1000w, https:\/\/www.samses.ch\/wp-content\/uploads\/2026\/04\/shutterstock_277589387-1-300x200.jpg 300w, https:\/\/www.samses.ch\/wp-content\/uploads\/2026\/04\/shutterstock_277589387-1-768x512.jpg 768w, https:\/\/www.samses.ch\/wp-content\/uploads\/2026\/04\/shutterstock_277589387-1-18x12.jpg 18w\" sizes=\"(max-width: 1000px) 100vw, 1000px\" \/>\t\t\t\t\t\t\t\t\t\t\t\t\t\t\t<\/div>\n\t\t\t\t<\/div>\n\t\t\t\t<\/div>\n\t\t\t\t<\/div>\n\t\t\t\t<\/div>\n\t\t\t\t\t<\/div>\n\t\t\t\t<\/div>\n\t\t<div class=\"elementor-element elementor-element-e1d215f e-flex e-con-boxed e-con e-parent\" data-id=\"e1d215f\" data-element_type=\"container\" data-e-type=\"container\">\n\t\t\t\t\t<div class=\"e-con-inner\">\n\t\t\t\t\t<\/div>\n\t\t\t\t<\/div>\n\t\t\t\t<\/div>","protected":false},"excerpt":{"rendered":"<p>Pop-up Sommer-Restaurant Wir tun es wieder \u2013 ein kleines Samses Pop-up im Juni.Euch erwartet eine Samses Karte mit unseren Klassikern \u2013 so, wie ihr sie kennt und liebt, einfach gutb\u00fcrgerlich und vegan interpretiert. Kommt vorbei, geniesst den Sommer mit uns und lasst euch verw\u00f6hnen. Wir freuen uns auf euch :o) Pop-up Wann? ab 5. Juni [&hellip;]<\/p>","protected":false},"author":1,"featured_media":0,"parent":0,"menu_order":3,"comment_status":"closed","ping_status":"closed","template":"","meta":{"_seopress_robots_primary_cat":"","_seopress_titles_title":"Veganes Popup-Restaurant: im Juni in Z\u00fcrich Restaurant B\u00fcrgli","_seopress_titles_desc":"Sicher dir jetzt deinen Platz im Samses Popup-Restaurant! Geniesse veganes Essen in Z\u00fcrich im Restaurant B\u00fcrgli. Jetzt Tisch reservieren!","_seopress_robots_index":"","footnotes":""},"folder":[],"class_list":["post-13505","page","type-page","status-publish","hentry"],"_links":{"self":[{"href":"https:\/\/www.samses.ch\/en\/wp-json\/wp\/v2\/pages\/13505","targetHints":{"allow":["GET"]}}],"collection":[{"href":"https:\/\/www.samses.ch\/en\/wp-json\/wp\/v2\/pages"}],"about":[{"href":"https:\/\/www.samses.ch\/en\/wp-json\/wp\/v2\/types\/page"}],"author":[{"embeddable":true,"href":"https:\/\/www.samses.ch\/en\/wp-json\/wp\/v2\/users\/1"}],"replies":[{"embeddable":true,"href":"https:\/\/www.samses.ch\/en\/wp-json\/wp\/v2\/comments?post=13505"}],"version-history":[{"count":10,"href":"https:\/\/www.samses.ch\/en\/wp-json\/wp\/v2\/pages\/13505\/revisions"}],"predecessor-version":[{"id":13537,"href":"https:\/\/www.samses.ch\/en\/wp-json\/wp\/v2\/pages\/13505\/revisions\/13537"}],"wp:attachment":[{"href":"https:\/\/www.samses.ch\/en\/wp-json\/wp\/v2\/media?parent=13505"}],"wp:term":[{"taxonomy":"folder","embeddable":true,"href":"https:\/\/www.samses.ch\/en\/wp-json\/wp\/v2\/folder?post=13505"}],"curies":[{"name":"wp","href":"https:\/\/api.w.org\/{rel}","templated":true}]}}