{"id":1989,"date":"2023-01-26T10:07:16","date_gmt":"2023-01-26T09:07:16","guid":{"rendered":"https:\/\/samses.aretis-staging.ch\/?page_id=1989"},"modified":"2026-01-28T13:14:18","modified_gmt":"2026-01-28T12:14:18","slug":"imprint","status":"publish","type":"page","link":"https:\/\/www.samses.ch\/en\/imprint\/","title":{"rendered":"Imprint"},"content":{"rendered":"<div data-elementor-type=\"wp-page\" data-elementor-id=\"1989\" class=\"elementor elementor-1989\" data-elementor-post-type=\"page\">\n\t\t\t\t<div class=\"elementor-element elementor-element-341b024 e-flex e-con-boxed e-con e-parent\" data-id=\"341b024\" data-element_type=\"container\" data-e-type=\"container\" data-settings=\"{&quot;background_background&quot;:&quot;classic&quot;}\">\n\t\t\t\t\t<div class=\"e-con-inner\">\n\t\t\t\t<div class=\"elementor-element elementor-element-7cdae7a elementor-view-default elementor-invisible elementor-widget elementor-widget-icon\" data-id=\"7cdae7a\" data-element_type=\"widget\" data-e-type=\"widget\" data-settings=\"{&quot;_animation&quot;:&quot;zoomIn&quot;}\" data-widget_type=\"icon.default\">\n\t\t\t\t<div class=\"elementor-widget-container\">\n\t\t\t\t\t\t\t<div class=\"elementor-icon-wrapper\">\n\t\t\t<div class=\"elementor-icon\">\n\t\t\t<svg xmlns=\"http:\/\/www.w3.org\/2000\/svg\" viewbox=\"0 0 502.74 524.55\"><g transform=\"translate(-45.49 -166)\"><path d=\"m296.22 668.86a248.35 248.35 0 0 1 -90-16.9 18.58 18.58 0 0 0 -15.68.48c-25.63 12.06-51.35 23.94-77.05 35.84-12.43 5.76-25.74.13-29.62-12.43-1.67-5.39-.91-10.5 1.37-15.56 9.81-21.7 19.53-43.44 29.41-65.1 1.08-2.37.77-3.73-1-5.59-37.32-40-60-87.11-66.3-141.44-8.28-71.77 10.65-136.07 56.82-191.69 38.51-46.33 87.79-75.59 147.12-86.11 74.48-13.19 142.33 3.48 201.86 50.43 48.67 38.39 79.39 88.58 90.46 149.55 15 82.55-6.69 155.38-63.09 217.32-36.7 40.31-82.43 65.58-135.94 76.5a240.78 240.78 0 0 1 -48.36 4.7zm-166.94-24.86c1.33-.53 2.07-.79 2.78-1.12 15.17-7 30.36-14 45.51-21.15 13.08-6.14 26.24-6.43 39.72-1.24 40.13 15.46 81.31 19.31 123.44 10.24 43.5-9.36 81-30.13 111.47-62.4 55.78-59.1 75.58-128.79 54.95-207.75-29.15-111.5-141.15-179.78-254.3-156.67-111.36 22.74-187.29 129.26-172.25 241.83 6.28 47 25.91 87.66 58.4 122.13 10.77 11.43 13.17 25.12 6.72 39.49-4.53 10.12-9.12 20.21-13.68 30.31-.86 1.92-1.68 3.86-2.76 6.33z\"><\/path><path d=\"m281.31 371q18.49 0 37 0c13.76 0 22.3 10.47 19.65 23.91q-12.17 61.77-24.25 123.55c-1.2 6.12.27 11.48 5.14 15.56a14.6 14.6 0 0 0 15.88 2.41c5.48-2.28 10.78-5 16.21-7.4a14.16 14.16 0 0 1 4.65-1.39c3-.22 4.8 1.61 4.92 4.64.17 4-1.75 7.12-4 10.1a54.15 54.15 0 0 1 -24.27 17.83c-20.89 8.08-42 7.85-63 .49-15.43-5.43-27.75-18.59-23.35-43q9.88-54.84 19.74-109.67c1.52-8.38-3.11-15.28-11.57-16.36-3.77-.48-7.58-.61-11.37-.89a10.18 10.18 0 0 1 -9.57-10.78c.23-5.48 4.09-9 10-9q19.09 0 38.19 0z\"><\/path><path d=\"m268.77 315.43a36.89 36.89 0 1 1 36.89 36.87 36.82 36.82 0 0 1 -36.89-36.87z\"><\/path><\/g><\/svg>\t\t\t<\/div>\n\t\t<\/div>\n\t\t\t\t\t\t<\/div>\n\t\t\t\t<\/div>\n\t\t\t\t<div class=\"elementor-element elementor-element-243d32c elementor-widget elementor-widget-heading\" data-id=\"243d32c\" data-element_type=\"widget\" data-e-type=\"widget\" data-widget_type=\"heading.default\">\n\t\t\t\t<div class=\"elementor-widget-container\">\n\t\t\t\t\t<h1 class=\"elementor-heading-title elementor-size-default\">Imprint<\/h1>\t\t\t\t<\/div>\n\t\t\t\t<\/div>\n\t\t\t\t\t<\/div>\n\t\t\t\t<\/div>\n\t\t<div class=\"elementor-element elementor-element-4f28d8e e-flex e-con-boxed e-con e-parent\" data-id=\"4f28d8e\" data-element_type=\"container\" data-e-type=\"container\" data-settings=\"{&quot;background_background&quot;:&quot;classic&quot;}\">\n\t\t\t\t\t<div class=\"e-con-inner\">\n\t\t<div class=\"elementor-element elementor-element-8ba5001 e-con-full e-flex e-con e-child\" data-id=\"8ba5001\" data-element_type=\"container\" data-e-type=\"container\">\n\t\t<div class=\"elementor-element elementor-element-bf38d01 e-con-full e-flex e-con e-child\" data-id=\"bf38d01\" data-element_type=\"container\" data-e-type=\"container\">\n\t\t<div class=\"elementor-element elementor-element-b6082a4 e-con-full e-flex e-con e-child\" data-id=\"b6082a4\" data-element_type=\"container\" data-e-type=\"container\">\n\t\t\t\t<div class=\"elementor-element elementor-element-f81428f elementor-widget elementor-widget-text-editor\" data-id=\"f81428f\" data-element_type=\"widget\" data-e-type=\"widget\" data-widget_type=\"text-editor.default\">\n\t\t\t\t<div class=\"elementor-widget-container\">\n\t\t\t\t\t\t\t\t\t<h4>Contact address<\/h4><p>Samses Catering<br \/>Riedmattstrasse 12<br \/>8153 R\u00fcmlang<\/p><p><a href=\"tel:+4144 4401313\">044 440 13 13<\/a><br \/><a href=\"mailto:info@sames.ch\">info@sames.ch<\/a><\/p><h4>Authorized representatives<\/h4><p>Ornella Lo Giusto<\/p><h4>Commercial register entry<\/h4><p>Commercial register no:<\/p><h4>Web agency &amp; website programming<\/h4><p><a href=\"https:\/\/www.aretis.ch\/leistungen\/webdesign-zuerich\/\">aretis\u00ae Webdesign Zurich<\/a><br \/>Morgartenstrasse 6<br \/>8004 Zurich<br \/>Phone 044 245 20 60<\/p>\t\t\t\t\t\t\t\t<\/div>\n\t\t\t\t<\/div>\n\t\t\t\t<\/div>\n\t\t<div class=\"elementor-element elementor-element-21145ea e-con-full e-flex e-con e-child\" data-id=\"21145ea\" data-element_type=\"container\" data-e-type=\"container\">\n\t\t\t\t<div class=\"elementor-element elementor-element-9e53b29 elementor-widget elementor-widget-text-editor\" data-id=\"9e53b29\" data-element_type=\"widget\" data-e-type=\"widget\" data-widget_type=\"text-editor.default\">\n\t\t\t\t<div class=\"elementor-widget-container\">\n\t\t\t\t\t\t\t\t\t<h4>Disclaimer<\/h4><p>The author accepts no liability whatsoever for the correctness, accuracy, up-to-dateness, reliability and completeness of the information. Liability claims against the author for material or immaterial damage resulting from access to or use or non-use of the published information, misuse of the connection or technical faults are excluded. All offers are non-binding. The author expressly reserves the right to change, supplement or delete parts of the pages or the entire offer without prior notice or to cease publication temporarily or permanently.<\/p><h4>Liability for links<\/h4><p>References and links to third-party websites are outside our area of responsibility. We accept no responsibility for such websites. Access to and use of such websites is at the user's own risk.<\/p><h4>Copyrights<\/h4><p>The copyright and all other rights to content, images, photos or other files on the website belong exclusively to Samses Catering or the specifically named rights holders. The written consent of the copyright holders must be obtained in advance for the reproduction of any elements.<\/p><h4>Data protection<\/h4><p>Samses Catering complies with the current Data Protection Act. Please note our <a href=\"https:\/\/www.samses.ch\/en\/data-protection\/\">Data protection guideline -&gt;<\/a><\/p>\t\t\t\t\t\t\t\t<\/div>\n\t\t\t\t<\/div>\n\t\t\t\t<\/div>\n\t\t\t\t<\/div>\n\t\t\t\t<\/div>\n\t\t\t\t\t<\/div>\n\t\t\t\t<\/div>\n\t\t<div class=\"elementor-element elementor-element-2fb0437 e-flex e-con-boxed e-con e-parent\" data-id=\"2fb0437\" data-element_type=\"container\" data-e-type=\"container\">\n\t\t\t\t\t<div class=\"e-con-inner\">\n\t\t\t\t\t<\/div>\n\t\t\t\t<\/div>\n\t\t\t\t<\/div>","protected":false},"excerpt":{"rendered":"<p>Imprint Contact address Samses CateringRiedmattstrasse 128153 R\u00fcmlang 044 440 13 13info@sames.ch Authorized representatives Ornella Lo Giusto Commercial register entry Commercial register no.: Web agency &amp; website programming aretis\u00ae Webdesign Z\u00fcrichMorgartenstrasse 68004 Z\u00fcrichTelephone 044 245 20 60 Disclaimer The author accepts no liability whatsoever with regard to the correctness, accuracy, topicality, reliability and completeness of the information provided. Liability claims against the author for material or immaterial damages [...].<\/p>","protected":false},"author":1,"featured_media":0,"parent":0,"menu_order":9,"comment_status":"closed","ping_status":"closed","template":"","meta":{"_seopress_robots_primary_cat":"","_seopress_titles_title":"Samses Catering Impressum & Rechtsinfo R\u00fcmlang","_seopress_titles_desc":"Kontaktieren Sie Samses Catering in R\u00fcmlang f\u00fcr unverbindliche Angebote und massgeschneiderte Men\u00fcs. Ihre Zufriedenheit ist unser Ziel. Jetzt anfragen!","_seopress_robots_index":"","footnotes":""},"folder":[],"class_list":["post-1989","page","type-page","status-publish","hentry"],"_links":{"self":[{"href":"https:\/\/www.samses.ch\/en\/wp-json\/wp\/v2\/pages\/1989","targetHints":{"allow":["GET"]}}],"collection":[{"href":"https:\/\/www.samses.ch\/en\/wp-json\/wp\/v2\/pages"}],"about":[{"href":"https:\/\/www.samses.ch\/en\/wp-json\/wp\/v2\/types\/page"}],"author":[{"embeddable":true,"href":"https:\/\/www.samses.ch\/en\/wp-json\/wp\/v2\/users\/1"}],"replies":[{"embeddable":true,"href":"https:\/\/www.samses.ch\/en\/wp-json\/wp\/v2\/comments?post=1989"}],"version-history":[{"count":10,"href":"https:\/\/www.samses.ch\/en\/wp-json\/wp\/v2\/pages\/1989\/revisions"}],"predecessor-version":[{"id":12368,"href":"https:\/\/www.samses.ch\/en\/wp-json\/wp\/v2\/pages\/1989\/revisions\/12368"}],"wp:attachment":[{"href":"https:\/\/www.samses.ch\/en\/wp-json\/wp\/v2\/media?parent=1989"}],"wp:term":[{"taxonomy":"folder","embeddable":true,"href":"https:\/\/www.samses.ch\/en\/wp-json\/wp\/v2\/folder?post=1989"}],"curies":[{"name":"wp","href":"https:\/\/api.w.org\/{rel}","templated":true}]}}